{"id":633,"date":"2020-10-13T09:00:26","date_gmt":"2020-10-13T09:00:26","guid":{"rendered":"http:\/\/localhost\/razzi\/?page_id=633"},"modified":"2023-07-09T13:36:06","modified_gmt":"2023-07-09T11:36:06","slug":"o-nas","status":"publish","type":"page","link":"https:\/\/wolka24hurtownia.pl\/index.php\/o-nas\/","title":{"rendered":"O Nas"},"content":{"rendered":"\t\t<div data-elementor-type=\"wp-page\" data-elementor-id=\"633\" class=\"elementor elementor-633\">\n\t\t\t\t\t\t<section class=\"elementor-section elementor-top-section elementor-element elementor-element-695d9620 elementor-section-boxed elementor-section-height-default elementor-section-height-default\" data-id=\"695d9620\" data-element_type=\"section\">\n\t\t\t\t\t\t<div class=\"elementor-container elementor-column-gap-extended\">\n\t\t\t\t\t<div class=\"elementor-column elementor-col-50 elementor-top-column elementor-element elementor-element-3ab8bd90\" data-id=\"3ab8bd90\" data-element_type=\"column\">\n\t\t\t<div class=\"elementor-widget-wrap elementor-element-populated\">\n\t\t\t\t\t\t<div class=\"elementor-element elementor-element-79de2f57 elementor-widget elementor-widget-image\" data-id=\"79de2f57\" data-element_type=\"widget\" data-widget_type=\"image.default\">\n\t\t\t\t<div class=\"elementor-widget-container\">\n\t\t\t<style>\/*! elementor - v3.19.0 - 26-02-2024 *\/\n.elementor-widget-image{text-align:center}.elementor-widget-image a{display:inline-block}.elementor-widget-image a img[src$=\".svg\"]{width:48px}.elementor-widget-image img{vertical-align:middle;display:inline-block}<\/style>\t\t\t\t\t\t\t\t\t\t<img fetchpriority=\"high\" decoding=\"async\" width=\"640\" height=\"427\" src=\"https:\/\/wolka24hurtownia.pl\/wp-content\/uploads\/2023\/07\/Wolka_centrum0_rh5r-u9.jpg\" class=\"attachment-large size-large wp-image-14897\" alt=\"\" srcset=\"https:\/\/wolka24hurtownia.pl\/wp-content\/uploads\/2023\/07\/Wolka_centrum0_rh5r-u9.jpg 800w, https:\/\/wolka24hurtownia.pl\/wp-content\/uploads\/2023\/07\/Wolka_centrum0_rh5r-u9-600x401.jpg 600w, https:\/\/wolka24hurtownia.pl\/wp-content\/uploads\/2023\/07\/Wolka_centrum0_rh5r-u9-300x200.jpg 300w, https:\/\/wolka24hurtownia.pl\/wp-content\/uploads\/2023\/07\/Wolka_centrum0_rh5r-u9-768x513.jpg 768w\" sizes=\"(max-width: 640px) 100vw, 640px\" \/>\t\t\t\t\t\t\t\t\t\t\t\t\t<\/div>\n\t\t\t\t<\/div>\n\t\t\t\t\t<\/div>\n\t\t<\/div>\n\t\t\t\t<div class=\"elementor-column elementor-col-50 elementor-top-column elementor-element elementor-element-6e3daedb\" data-id=\"6e3daedb\" data-element_type=\"column\">\n\t\t\t<div class=\"elementor-widget-wrap elementor-element-populated\">\n\t\t\t\t\t\t<div class=\"elementor-element elementor-element-5904d5cf elementor-widget elementor-widget-heading\" data-id=\"5904d5cf\" data-element_type=\"widget\" data-widget_type=\"heading.default\">\n\t\t\t\t<div class=\"elementor-widget-container\">\n\t\t\t<style>\/*! elementor - v3.19.0 - 26-02-2024 *\/\n.elementor-heading-title{padding:0;margin:0;line-height:1}.elementor-widget-heading .elementor-heading-title[class*=elementor-size-]>a{color:inherit;font-size:inherit;line-height:inherit}.elementor-widget-heading .elementor-heading-title.elementor-size-small{font-size:15px}.elementor-widget-heading .elementor-heading-title.elementor-size-medium{font-size:19px}.elementor-widget-heading .elementor-heading-title.elementor-size-large{font-size:29px}.elementor-widget-heading .elementor-heading-title.elementor-size-xl{font-size:39px}.elementor-widget-heading .elementor-heading-title.elementor-size-xxl{font-size:59px}<\/style><h6 class=\"elementor-heading-title elementor-size-default\">INFORMACJE O SKLEPIE<\/h6>\t\t<\/div>\n\t\t\t\t<\/div>\n\t\t\t\t<div class=\"elementor-element elementor-element-56e64a63 elementor-widget elementor-widget-heading\" data-id=\"56e64a63\" data-element_type=\"widget\" data-widget_type=\"heading.default\">\n\t\t\t\t<div class=\"elementor-widget-container\">\n\t\t\t<h3 class=\"elementor-heading-title elementor-size-default\">W\u00f3lka Hurtownia<\/h3>\t\t<\/div>\n\t\t\t\t<\/div>\n\t\t\t\t<div class=\"elementor-element elementor-element-ec0bd3f elementor-widget elementor-widget-text-editor\" data-id=\"ec0bd3f\" data-element_type=\"widget\" data-widget_type=\"text-editor.default\">\n\t\t\t\t<div class=\"elementor-widget-container\">\n\t\t\t<style>\/*! elementor - v3.19.0 - 26-02-2024 *\/\n.elementor-widget-text-editor.elementor-drop-cap-view-stacked .elementor-drop-cap{background-color:#69727d;color:#fff}.elementor-widget-text-editor.elementor-drop-cap-view-framed .elementor-drop-cap{color:#69727d;border:3px solid;background-color:transparent}.elementor-widget-text-editor:not(.elementor-drop-cap-view-default) .elementor-drop-cap{margin-top:8px}.elementor-widget-text-editor:not(.elementor-drop-cap-view-default) .elementor-drop-cap-letter{width:1em;height:1em}.elementor-widget-text-editor .elementor-drop-cap{float:left;text-align:center;line-height:1;font-size:50px}.elementor-widget-text-editor .elementor-drop-cap-letter{display:inline-block}<\/style>\t\t\t\t<p style=\"margin-bottom: 1.3em; margin-top: 0px; color: #00212d; font-family: '-apple-system, BlinkMacSystemFont, &amp;quot;Segoe UI&amp;quot;, Roboto, Oxygen-Sans, Ubuntu, Cantarell, &amp;quot;Helvetica Neue&amp;quot;, sans-serif', sans-serif; font-size: medium;\">Posiadaj\u0105c blisko dziesi\u0119cioletnie do\u015bwiadczenie w dzia\u0142alno\u015bci jako hurtownia ubra\u0144, prowadz\u0105c sklep online zapewniamy naszym klientom dost\u0119p do najwy\u017cszej jako\u015bci odzie\u017cy damskiej i dzieci\u0119cej. Przez wiele lat zbierali\u015bmy obserwacje i dok\u0142adnie poznawali\u015bmy rynek, dzi\u0119ki czemu uruchamiaj\u0105c hurt odzie\u017cy mo\u017cemy Pa\u0144stwu zaoferowa\u0107 produkty odpowiadaj\u0105ce panuj\u0105cym trendom, fasonom oraz w atrakcyjnej kolorystyce.<\/p><p style=\"margin-bottom: 1.3em; margin-top: 0px; color: #00212d; font-family: '-apple-system, BlinkMacSystemFont, &amp;quot;Segoe UI&amp;quot;, Roboto, Oxygen-Sans, Ubuntu, Cantarell, &amp;quot;Helvetica Neue&amp;quot;, sans-serif', sans-serif; font-size: medium;\">Nie dzia\u0142amy jak stacjonarne hurtownie odzie\u017cowe, ale prowadzimy sprzeda\u017c za po\u015brednictwem sieci, nastawion\u0105 na profesjonaln\u0105 obs\u0142ug\u0119 klient\u00f3w oraz automatyzacj\u0119 zam\u00f3wie\u0144. Jako internetowa hurtownia odzie\u017cy, zam\u00f3wione towary wysy\u0142amy maksymalnie w ci\u0105gu 48 godzin od momentu otrzymania wp\u0142aty lub zam\u00f3wienia paczki za pobraniem. Klienci, kt\u00f3rzy wybior\u0105 nasz sklep online. mog\u0105 r\u00f3wnie\u017c zdecydowa\u0107 si\u0119 na opcj\u0119 odbioru osobistego w siedzibie naszej firmy, po wcze\u015bniejszym dokonaniu p\u0142atno\u015bci.<\/p><p style=\"margin-bottom: 1.3em; margin-top: 0px; color: #00212d; font-family: '-apple-system, BlinkMacSystemFont, &amp;quot;Segoe UI&amp;quot;, Roboto, Oxygen-Sans, Ubuntu, Cantarell, &amp;quot;Helvetica Neue&amp;quot;, sans-serif', sans-serif; font-size: medium;\">WOLKA24HURTOWNIA.PL to szeroki asortyment produkt\u00f3w i indywidualne podej\u015bcie do ka\u017cdego klienta. Jako do\u015bwiadczony hurt odzie\u017cy dok\u0142adamy wszelkich stara\u0144, aby zakupy u nas by\u0142y przyjemne, komfortowe i w pe\u0142ni satysfakcjonuj\u0105ce.<\/p>\t\t\t\t\t\t<\/div>\n\t\t\t\t<\/div>\n\t\t\t\t\t<\/div>\n\t\t<\/div>\n\t\t\t\t\t<\/div>\n\t\t<\/section>\n\t\t\t\t<section class=\"elementor-section elementor-top-section elementor-element elementor-element-4202385e elementor-section-boxed elementor-section-height-default elementor-section-height-default\" data-id=\"4202385e\" data-element_type=\"section\">\n\t\t\t\t\t\t<div class=\"elementor-container elementor-column-gap-extended\">\n\t\t\t\t\t<div class=\"elementor-column elementor-col-25 elementor-top-column elementor-element elementor-element-426bbfac\" data-id=\"426bbfac\" data-element_type=\"column\">\n\t\t\t<div class=\"elementor-widget-wrap\">\n\t\t\t\t\t\t\t<\/div>\n\t\t<\/div>\n\t\t\t\t<div class=\"elementor-column elementor-col-25 elementor-top-column elementor-element elementor-element-b4ff28e\" data-id=\"b4ff28e\" data-element_type=\"column\">\n\t\t\t<div class=\"elementor-widget-wrap elementor-element-populated\">\n\t\t\t\t\t\t<div class=\"elementor-element elementor-element-587b8304 elementor-widget elementor-widget-image\" data-id=\"587b8304\" data-element_type=\"widget\" data-widget_type=\"image.default\">\n\t\t\t\t<div class=\"elementor-widget-container\">\n\t\t\t\t\t\t\t\t\t\t\t\t\t<img decoding=\"async\" width=\"640\" height=\"428\" src=\"https:\/\/wolka24hurtownia.pl\/wp-content\/uploads\/2023\/07\/hurtownia-obuwia.jpg\" class=\"attachment-large size-large wp-image-14898\" alt=\"\" srcset=\"https:\/\/wolka24hurtownia.pl\/wp-content\/uploads\/2023\/07\/hurtownia-obuwia.jpg 696w, https:\/\/wolka24hurtownia.pl\/wp-content\/uploads\/2023\/07\/hurtownia-obuwia-600x401.jpg 600w, https:\/\/wolka24hurtownia.pl\/wp-content\/uploads\/2023\/07\/hurtownia-obuwia-300x200.jpg 300w\" sizes=\"(max-width: 640px) 100vw, 640px\" \/>\t\t\t\t\t\t\t\t\t\t\t\t\t<\/div>\n\t\t\t\t<\/div>\n\t\t\t\t<div class=\"elementor-element elementor-element-5ea6e983 elementor-widget elementor-widget-image\" data-id=\"5ea6e983\" data-element_type=\"widget\" data-widget_type=\"image.default\">\n\t\t\t\t<div class=\"elementor-widget-container\">\n\t\t\t\t\t\t\t\t\t\t\t\t\t<img decoding=\"async\" width=\"640\" height=\"480\" src=\"https:\/\/wolka24hurtownia.pl\/wp-content\/uploads\/2023\/07\/hurtownia-odziezy.jpg\" class=\"attachment-large size-large wp-image-14901\" alt=\"\" srcset=\"https:\/\/wolka24hurtownia.pl\/wp-content\/uploads\/2023\/07\/hurtownia-odziezy.jpg 800w, https:\/\/wolka24hurtownia.pl\/wp-content\/uploads\/2023\/07\/hurtownia-odziezy-570x428.jpg 570w, https:\/\/wolka24hurtownia.pl\/wp-content\/uploads\/2023\/07\/hurtownia-odziezy-130x98.jpg 130w, https:\/\/wolka24hurtownia.pl\/wp-content\/uploads\/2023\/07\/hurtownia-odziezy-600x450.jpg 600w, https:\/\/wolka24hurtownia.pl\/wp-content\/uploads\/2023\/07\/hurtownia-odziezy-300x225.jpg 300w, https:\/\/wolka24hurtownia.pl\/wp-content\/uploads\/2023\/07\/hurtownia-odziezy-768x576.jpg 768w\" sizes=\"(max-width: 640px) 100vw, 640px\" \/>\t\t\t\t\t\t\t\t\t\t\t\t\t<\/div>\n\t\t\t\t<\/div>\n\t\t\t\t\t<\/div>\n\t\t<\/div>\n\t\t\t\t<div class=\"elementor-column elementor-col-25 elementor-top-column elementor-element elementor-element-6f7cda36\" data-id=\"6f7cda36\" data-element_type=\"column\">\n\t\t\t<div class=\"elementor-widget-wrap elementor-element-populated\">\n\t\t\t\t\t\t<div class=\"elementor-element elementor-element-1c7fa477 elementor-widget elementor-widget-image\" data-id=\"1c7fa477\" data-element_type=\"widget\" data-widget_type=\"image.default\">\n\t\t\t\t<div class=\"elementor-widget-container\">\n\t\t\t\t\t\t\t\t\t\t\t\t\t<img loading=\"lazy\" decoding=\"async\" width=\"640\" height=\"424\" src=\"https:\/\/wolka24hurtownia.pl\/wp-content\/uploads\/2023\/07\/hurt-odziezy-1024x678.jpg\" class=\"attachment-large size-large wp-image-14900\" alt=\"\" srcset=\"https:\/\/wolka24hurtownia.pl\/wp-content\/uploads\/2023\/07\/hurt-odziezy-1024x678.jpg 1024w, https:\/\/wolka24hurtownia.pl\/wp-content\/uploads\/2023\/07\/hurt-odziezy-600x398.jpg 600w, https:\/\/wolka24hurtownia.pl\/wp-content\/uploads\/2023\/07\/hurt-odziezy-300x199.jpg 300w, https:\/\/wolka24hurtownia.pl\/wp-content\/uploads\/2023\/07\/hurt-odziezy-768x508.jpg 768w, https:\/\/wolka24hurtownia.pl\/wp-content\/uploads\/2023\/07\/hurt-odziezy.jpg 1280w\" sizes=\"(max-width: 640px) 100vw, 640px\" \/>\t\t\t\t\t\t\t\t\t\t\t\t\t<\/div>\n\t\t\t\t<\/div>\n\t\t\t\t<div class=\"elementor-element elementor-element-15ae89cf elementor-widget elementor-widget-image\" data-id=\"15ae89cf\" data-element_type=\"widget\" data-widget_type=\"image.default\">\n\t\t\t\t<div class=\"elementor-widget-container\">\n\t\t\t\t\t\t\t\t\t\t\t\t\t<img loading=\"lazy\" decoding=\"async\" width=\"640\" height=\"431\" src=\"https:\/\/wolka24hurtownia.pl\/wp-content\/uploads\/2023\/07\/hurtownia-ubran-1024x690-1.jpg\" class=\"attachment-large size-large wp-image-14902\" alt=\"\" srcset=\"https:\/\/wolka24hurtownia.pl\/wp-content\/uploads\/2023\/07\/hurtownia-ubran-1024x690-1.jpg 1024w, https:\/\/wolka24hurtownia.pl\/wp-content\/uploads\/2023\/07\/hurtownia-ubran-1024x690-1-600x404.jpg 600w, https:\/\/wolka24hurtownia.pl\/wp-content\/uploads\/2023\/07\/hurtownia-ubran-1024x690-1-300x202.jpg 300w, https:\/\/wolka24hurtownia.pl\/wp-content\/uploads\/2023\/07\/hurtownia-ubran-1024x690-1-768x518.jpg 768w\" sizes=\"(max-width: 640px) 100vw, 640px\" \/>\t\t\t\t\t\t\t\t\t\t\t\t\t<\/div>\n\t\t\t\t<\/div>\n\t\t\t\t\t<\/div>\n\t\t<\/div>\n\t\t\t\t<div class=\"elementor-column elementor-col-25 elementor-top-column elementor-element elementor-element-ec1b91a\" data-id=\"ec1b91a\" data-element_type=\"column\">\n\t\t\t<div class=\"elementor-widget-wrap\">\n\t\t\t\t\t\t\t<\/div>\n\t\t<\/div>\n\t\t\t\t\t<\/div>\n\t\t<\/section>\n\t\t\t\t<\/div>\n\t\t","protected":false},"excerpt":{"rendered":"<p>INFORMACJE O SKLEPIE W\u00f3lka Hurtownia Posiadaj\u0105c blisko dziesi\u0119cioletnie do\u015bwiadczenie w dzia\u0142alno\u015bci jako hurtownia ubra\u0144, prowadz\u0105c sklep online zapewniamy naszym klientom dost\u0119p do najwy\u017cszej jako\u015bci odzie\u017cy damskiej i dzieci\u0119cej. Przez wiele lat zbierali\u015bmy obserwacje i dok\u0142adnie poznawali\u015bmy rynek, dzi\u0119ki czemu uruchamiaj\u0105c hurt odzie\u017cy mo\u017cemy Pa\u0144stwu zaoferowa\u0107 produkty odpowiadaj\u0105ce panuj\u0105cym trendom, fasonom oraz w atrakcyjnej kolorystyce. Nie [&hellip;]<\/p>\n","protected":false},"author":1,"featured_media":0,"parent":0,"menu_order":0,"comment_status":"closed","ping_status":"closed","template":"","meta":{"footnotes":""},"acf":[],"yoast_head":"<!-- This site is optimized with the Yoast SEO plugin v22.6 - https:\/\/yoast.com\/wordpress\/plugins\/seo\/ -->\n<title>O Nas - W\u00f3lka Hurtownia<\/title>\n<meta name=\"robots\" content=\"index, follow, max-snippet:-1, max-image-preview:large, max-video-preview:-1\" \/>\n<link rel=\"canonical\" href=\"https:\/\/wolka24hurtownia.pl\/index.php\/o-nas\/\" \/>\n<meta property=\"og:locale\" content=\"pl_PL\" \/>\n<meta property=\"og:type\" content=\"article\" \/>\n<meta property=\"og:title\" content=\"O Nas - W\u00f3lka Hurtownia\" \/>\n<meta property=\"og:description\" content=\"INFORMACJE O SKLEPIE W\u00f3lka Hurtownia Posiadaj\u0105c blisko dziesi\u0119cioletnie do\u015bwiadczenie w dzia\u0142alno\u015bci jako hurtownia ubra\u0144, prowadz\u0105c sklep online zapewniamy naszym klientom dost\u0119p do najwy\u017cszej jako\u015bci odzie\u017cy damskiej i dzieci\u0119cej. Przez wiele lat zbierali\u015bmy obserwacje i dok\u0142adnie poznawali\u015bmy rynek, dzi\u0119ki czemu uruchamiaj\u0105c hurt odzie\u017cy mo\u017cemy Pa\u0144stwu zaoferowa\u0107 produkty odpowiadaj\u0105ce panuj\u0105cym trendom, fasonom oraz w atrakcyjnej kolorystyce. Nie [&hellip;]\" \/>\n<meta property=\"og:url\" content=\"https:\/\/wolka24hurtownia.pl\/index.php\/o-nas\/\" \/>\n<meta property=\"og:site_name\" content=\"W\u00f3lka Hurtownia\" \/>\n<meta property=\"article:publisher\" content=\"https:\/\/www.facebook.com\/profile.php?id=100085213362965\" \/>\n<meta property=\"article:modified_time\" content=\"2023-07-09T11:36:06+00:00\" \/>\n<meta property=\"og:image\" content=\"https:\/\/wolka24hurtownia.pl\/wp-content\/uploads\/2023\/07\/Wolka_centrum0_rh5r-u9.jpg\" \/>\n<meta name=\"twitter:card\" content=\"summary_large_image\" \/>\n<meta name=\"twitter:label1\" content=\"Szacowany czas czytania\" \/>\n\t<meta name=\"twitter:data1\" content=\"1 minuta\" \/>\n<script type=\"application\/ld+json\" class=\"yoast-schema-graph\">{\"@context\":\"https:\/\/schema.org\",\"@graph\":[{\"@type\":\"WebPage\",\"@id\":\"https:\/\/wolka24hurtownia.pl\/index.php\/o-nas\/\",\"url\":\"https:\/\/wolka24hurtownia.pl\/index.php\/o-nas\/\",\"name\":\"O Nas - W\u00f3lka Hurtownia\",\"isPartOf\":{\"@id\":\"https:\/\/wolka24hurtownia.pl\/#website\"},\"primaryImageOfPage\":{\"@id\":\"https:\/\/wolka24hurtownia.pl\/index.php\/o-nas\/#primaryimage\"},\"image\":{\"@id\":\"https:\/\/wolka24hurtownia.pl\/index.php\/o-nas\/#primaryimage\"},\"thumbnailUrl\":\"https:\/\/wolka24hurtownia.pl\/wp-content\/uploads\/2023\/07\/Wolka_centrum0_rh5r-u9.jpg\",\"datePublished\":\"2020-10-13T09:00:26+00:00\",\"dateModified\":\"2023-07-09T11:36:06+00:00\",\"breadcrumb\":{\"@id\":\"https:\/\/wolka24hurtownia.pl\/index.php\/o-nas\/#breadcrumb\"},\"inLanguage\":\"pl-PL\",\"potentialAction\":[{\"@type\":\"ReadAction\",\"target\":[\"https:\/\/wolka24hurtownia.pl\/index.php\/o-nas\/\"]}]},{\"@type\":\"ImageObject\",\"inLanguage\":\"pl-PL\",\"@id\":\"https:\/\/wolka24hurtownia.pl\/index.php\/o-nas\/#primaryimage\",\"url\":\"https:\/\/wolka24hurtownia.pl\/wp-content\/uploads\/2023\/07\/Wolka_centrum0_rh5r-u9.jpg\",\"contentUrl\":\"https:\/\/wolka24hurtownia.pl\/wp-content\/uploads\/2023\/07\/Wolka_centrum0_rh5r-u9.jpg\"},{\"@type\":\"BreadcrumbList\",\"@id\":\"https:\/\/wolka24hurtownia.pl\/index.php\/o-nas\/#breadcrumb\",\"itemListElement\":[{\"@type\":\"ListItem\",\"position\":1,\"name\":\"Strona g\u0142\u00f3wna\",\"item\":\"https:\/\/wolka24hurtownia.pl\/\"},{\"@type\":\"ListItem\",\"position\":2,\"name\":\"O Nas\"}]},{\"@type\":\"WebSite\",\"@id\":\"https:\/\/wolka24hurtownia.pl\/#website\",\"url\":\"https:\/\/wolka24hurtownia.pl\/\",\"name\":\"W\u00f3lka Hurtownia\",\"description\":\"Hurtownia internetowa\",\"publisher\":{\"@id\":\"https:\/\/wolka24hurtownia.pl\/#organization\"},\"potentialAction\":[{\"@type\":\"SearchAction\",\"target\":{\"@type\":\"EntryPoint\",\"urlTemplate\":\"https:\/\/wolka24hurtownia.pl\/?s={search_term_string}\"},\"query-input\":\"required name=search_term_string\"}],\"inLanguage\":\"pl-PL\"},{\"@type\":\"Organization\",\"@id\":\"https:\/\/wolka24hurtownia.pl\/#organization\",\"name\":\"W\u00f3lka Hurtownia\",\"url\":\"https:\/\/wolka24hurtownia.pl\/\",\"logo\":{\"@type\":\"ImageObject\",\"inLanguage\":\"pl-PL\",\"@id\":\"https:\/\/wolka24hurtownia.pl\/#\/schema\/logo\/image\/\",\"url\":\"https:\/\/wolka24hurtownia.pl\/wp-content\/uploads\/2023\/08\/2.png\",\"contentUrl\":\"https:\/\/wolka24hurtownia.pl\/wp-content\/uploads\/2023\/08\/2.png\",\"width\":1000,\"height\":1000,\"caption\":\"W\u00f3lka Hurtownia\"},\"image\":{\"@id\":\"https:\/\/wolka24hurtownia.pl\/#\/schema\/logo\/image\/\"},\"sameAs\":[\"https:\/\/www.facebook.com\/profile.php?id=100085213362965\"]}]}<\/script>\n<!-- \/ Yoast SEO plugin. -->","yoast_head_json":{"title":"O Nas - W\u00f3lka Hurtownia","robots":{"index":"index","follow":"follow","max-snippet":"max-snippet:-1","max-image-preview":"max-image-preview:large","max-video-preview":"max-video-preview:-1"},"canonical":"https:\/\/wolka24hurtownia.pl\/index.php\/o-nas\/","og_locale":"pl_PL","og_type":"article","og_title":"O Nas - W\u00f3lka Hurtownia","og_description":"INFORMACJE O SKLEPIE W\u00f3lka Hurtownia Posiadaj\u0105c blisko dziesi\u0119cioletnie do\u015bwiadczenie w dzia\u0142alno\u015bci jako hurtownia ubra\u0144, prowadz\u0105c sklep online zapewniamy naszym klientom dost\u0119p do najwy\u017cszej jako\u015bci odzie\u017cy damskiej i dzieci\u0119cej. Przez wiele lat zbierali\u015bmy obserwacje i dok\u0142adnie poznawali\u015bmy rynek, dzi\u0119ki czemu uruchamiaj\u0105c hurt odzie\u017cy mo\u017cemy Pa\u0144stwu zaoferowa\u0107 produkty odpowiadaj\u0105ce panuj\u0105cym trendom, fasonom oraz w atrakcyjnej kolorystyce. Nie [&hellip;]","og_url":"https:\/\/wolka24hurtownia.pl\/index.php\/o-nas\/","og_site_name":"W\u00f3lka Hurtownia","article_publisher":"https:\/\/www.facebook.com\/profile.php?id=100085213362965","article_modified_time":"2023-07-09T11:36:06+00:00","og_image":[{"url":"https:\/\/wolka24hurtownia.pl\/wp-content\/uploads\/2023\/07\/Wolka_centrum0_rh5r-u9.jpg"}],"twitter_card":"summary_large_image","twitter_misc":{"Szacowany czas czytania":"1 minuta"},"schema":{"@context":"https:\/\/schema.org","@graph":[{"@type":"WebPage","@id":"https:\/\/wolka24hurtownia.pl\/index.php\/o-nas\/","url":"https:\/\/wolka24hurtownia.pl\/index.php\/o-nas\/","name":"O Nas - W\u00f3lka Hurtownia","isPartOf":{"@id":"https:\/\/wolka24hurtownia.pl\/#website"},"primaryImageOfPage":{"@id":"https:\/\/wolka24hurtownia.pl\/index.php\/o-nas\/#primaryimage"},"image":{"@id":"https:\/\/wolka24hurtownia.pl\/index.php\/o-nas\/#primaryimage"},"thumbnailUrl":"https:\/\/wolka24hurtownia.pl\/wp-content\/uploads\/2023\/07\/Wolka_centrum0_rh5r-u9.jpg","datePublished":"2020-10-13T09:00:26+00:00","dateModified":"2023-07-09T11:36:06+00:00","breadcrumb":{"@id":"https:\/\/wolka24hurtownia.pl\/index.php\/o-nas\/#breadcrumb"},"inLanguage":"pl-PL","potentialAction":[{"@type":"ReadAction","target":["https:\/\/wolka24hurtownia.pl\/index.php\/o-nas\/"]}]},{"@type":"ImageObject","inLanguage":"pl-PL","@id":"https:\/\/wolka24hurtownia.pl\/index.php\/o-nas\/#primaryimage","url":"https:\/\/wolka24hurtownia.pl\/wp-content\/uploads\/2023\/07\/Wolka_centrum0_rh5r-u9.jpg","contentUrl":"https:\/\/wolka24hurtownia.pl\/wp-content\/uploads\/2023\/07\/Wolka_centrum0_rh5r-u9.jpg"},{"@type":"BreadcrumbList","@id":"https:\/\/wolka24hurtownia.pl\/index.php\/o-nas\/#breadcrumb","itemListElement":[{"@type":"ListItem","position":1,"name":"Strona g\u0142\u00f3wna","item":"https:\/\/wolka24hurtownia.pl\/"},{"@type":"ListItem","position":2,"name":"O Nas"}]},{"@type":"WebSite","@id":"https:\/\/wolka24hurtownia.pl\/#website","url":"https:\/\/wolka24hurtownia.pl\/","name":"W\u00f3lka Hurtownia","description":"Hurtownia internetowa","publisher":{"@id":"https:\/\/wolka24hurtownia.pl\/#organization"},"potentialAction":[{"@type":"SearchAction","target":{"@type":"EntryPoint","urlTemplate":"https:\/\/wolka24hurtownia.pl\/?s={search_term_string}"},"query-input":"required name=search_term_string"}],"inLanguage":"pl-PL"},{"@type":"Organization","@id":"https:\/\/wolka24hurtownia.pl\/#organization","name":"W\u00f3lka Hurtownia","url":"https:\/\/wolka24hurtownia.pl\/","logo":{"@type":"ImageObject","inLanguage":"pl-PL","@id":"https:\/\/wolka24hurtownia.pl\/#\/schema\/logo\/image\/","url":"https:\/\/wolka24hurtownia.pl\/wp-content\/uploads\/2023\/08\/2.png","contentUrl":"https:\/\/wolka24hurtownia.pl\/wp-content\/uploads\/2023\/08\/2.png","width":1000,"height":1000,"caption":"W\u00f3lka Hurtownia"},"image":{"@id":"https:\/\/wolka24hurtownia.pl\/#\/schema\/logo\/image\/"},"sameAs":["https:\/\/www.facebook.com\/profile.php?id=100085213362965"]}]}},"_links":{"self":[{"href":"https:\/\/wolka24hurtownia.pl\/index.php\/wp-json\/wp\/v2\/pages\/633"}],"collection":[{"href":"https:\/\/wolka24hurtownia.pl\/index.php\/wp-json\/wp\/v2\/pages"}],"about":[{"href":"https:\/\/wolka24hurtownia.pl\/index.php\/wp-json\/wp\/v2\/types\/page"}],"author":[{"embeddable":true,"href":"https:\/\/wolka24hurtownia.pl\/index.php\/wp-json\/wp\/v2\/users\/1"}],"replies":[{"embeddable":true,"href":"https:\/\/wolka24hurtownia.pl\/index.php\/wp-json\/wp\/v2\/comments?post=633"}],"version-history":[{"count":0,"href":"https:\/\/wolka24hurtownia.pl\/index.php\/wp-json\/wp\/v2\/pages\/633\/revisions"}],"wp:attachment":[{"href":"https:\/\/wolka24hurtownia.pl\/index.php\/wp-json\/wp\/v2\/media?parent=633"}],"curies":[{"name":"wp","href":"https:\/\/api.w.org\/{rel}","templated":true}]}}